{"id":36054,"date":"2024-01-15T09:23:28","date_gmt":"2024-01-15T09:23:28","guid":{"rendered":"https:\/\/www.cfcd.ie\/oiliant-seirbhisi\/"},"modified":"2024-02-26T09:58:11","modified_gmt":"2024-02-26T09:58:11","slug":"oiliant-seirbhisi","status":"publish","type":"page","link":"https:\/\/www.cfcd.ie\/ga\/oiliant-seirbhisi\/","title":{"rendered":"Oili\u00e1nt &amp; Seirbh\u00eds\u00ed"},"content":{"rendered":"<div class=\"gb-container gb-container-448272e7 gb-container-outer-light\">\n<div class=\"gb-container gb-container-1d3737e6 gb-container-inner\">\n\n<h2 class=\"gb-headline gb-headline-f0c6448c gb-headline-text\">Sc\u00e9imeanna Fosta\u00edochta Pobail<\/h2>\n\n\n\n<p>T\u00e1 na c\u00farsa\u00ed seo \u00e1 reacht\u00e1il ag Comharchumann Forbartha Chorca Dhuibhne i gcomhar le F.\u00c1.S le dh\u00e1 bhliain d\u00e9ag. I l\u00e1thair na huaire t\u00e1 fiche duine agus saoiste ag obair ar an sc\u00e9im reatha. Obair chothabh\u00e1la ar halla\u00ed agus ar \u00e1iseanna pobail chomh maith le hobair ar na bailte slachtmhara is m\u00f3 at\u00e1 i gceist. Obair chothabh\u00e1la ar halla\u00ed agus ar \u00e1iseanna pobail chomh maith le hobair ar na bailte slachtmhara is m\u00f3 at\u00e1 i gceist.<\/p>\n\n\n\n<h2 class=\"gb-headline gb-headline-f5cc8852 gb-headline-text\">Teicneola\u00edocht an Eolais<\/h2>\n\n\n\n<p>Thosnaigh Comharchumann Forbartha Chorca Dhuibhne ar ch\u00farsa\u00ed r\u00edomhaireachta a reacht\u00e1il sa bhliain 1983 agus lean s\u00e9 seo ar aghaidh go dt\u00ed an bhliain 2003. Le linn an ama sin reacht\u00e1ladh ana-chuid c\u00farsa\u00ed oili\u00fana sa R\u00edomhaireacht sa Daingean. Fuair 90% d\u00f3ibh si\u00fad a dh\u2019fhreastail ar na c\u00farsa\u00ed seo fosta\u00edocht bhuan, de r\u00e9ir aisghairm eolais \u00f3s na rannph\u00e1irtithe.<\/p>\n\n<\/div>\n<\/div>","protected":false},"excerpt":{"rendered":"<p>Sc\u00e9imeanna Fosta\u00edochta Pobail T\u00e1 na c\u00farsa\u00ed seo \u00e1 reacht\u00e1il ag Comharchumann Forbartha Chorca Dhuibhne i gcomhar le F.\u00c1.S le dh\u00e1 bhliain d\u00e9ag. I l\u00e1thair na huaire t\u00e1 fiche duine agus saoiste ag obair ar an sc\u00e9im reatha. Obair chothabh\u00e1la ar halla\u00ed agus ar \u00e1iseanna pobail chomh maith le hobair ar na bailte slachtmhara is m\u00f3 &#8230; <a title=\"Oili\u00e1nt &amp; Seirbh\u00eds\u00ed\" class=\"read-more\" href=\"https:\/\/www.cfcd.ie\/ga\/oiliant-seirbhisi\/\" aria-label=\"Read more about Oili\u00e1nt &amp; Seirbh\u00eds\u00ed\">Read more<\/a><\/p>\n","protected":false},"author":2,"featured_media":35968,"parent":0,"menu_order":0,"comment_status":"closed","ping_status":"closed","template":"","meta":{"_acf_changed":false,"footnotes":""},"class_list":["post-36054","page","type-page","status-publish","has-post-thumbnail"],"acf":[],"yoast_head":"<!-- This site is optimized with the Yoast SEO plugin v27.5 - https:\/\/yoast.com\/product\/yoast-seo-wordpress\/ -->\n<title>Oili\u00e1nt &amp; Seirbh\u00eds\u00ed - CFCD: Comharchumann Forbartha Chorca Dhuibhne<\/title>\n<meta name=\"robots\" content=\"index, follow, max-snippet:-1, max-image-preview:large, max-video-preview:-1\" \/>\n<link rel=\"canonical\" href=\"https:\/\/www.cfcd.ie\/ga\/oiliant-seirbhisi\/\" \/>\n<meta property=\"og:locale\" content=\"ga_IE\" \/>\n<meta property=\"og:type\" content=\"article\" \/>\n<meta property=\"og:title\" content=\"Oili\u00e1nt &amp; Seirbh\u00eds\u00ed - CFCD: Comharchumann Forbartha Chorca Dhuibhne\" \/>\n<meta property=\"og:description\" content=\"Sc\u00e9imeanna Fosta\u00edochta Pobail T\u00e1 na c\u00farsa\u00ed seo \u00e1 reacht\u00e1il ag Comharchumann Forbartha Chorca Dhuibhne i gcomhar le F.\u00c1.S le dh\u00e1 bhliain d\u00e9ag. I l\u00e1thair na huaire t\u00e1 fiche duine agus saoiste ag obair ar an sc\u00e9im reatha. Obair chothabh\u00e1la ar halla\u00ed agus ar \u00e1iseanna pobail chomh maith le hobair ar na bailte slachtmhara is m\u00f3 ... Read more\" \/>\n<meta property=\"og:url\" content=\"https:\/\/www.cfcd.ie\/ga\/oiliant-seirbhisi\/\" \/>\n<meta property=\"og:site_name\" content=\"CFCD: Comharchumann Forbartha Chorca Dhuibhne\" \/>\n<meta property=\"article:modified_time\" content=\"2024-02-26T09:58:11+00:00\" \/>\n<meta property=\"og:image\" content=\"https:\/\/www.cfcd.ie\/wp-content\/uploads\/2024\/01\/cfcd-banner.jpg\" \/>\n\t<meta property=\"og:image:width\" content=\"1400\" \/>\n\t<meta property=\"og:image:height\" content=\"557\" \/>\n\t<meta property=\"og:image:type\" content=\"image\/jpeg\" \/>\n<meta name=\"twitter:card\" content=\"summary_large_image\" \/>\n<meta name=\"twitter:label1\" content=\"Est. reading time\" \/>\n\t<meta name=\"twitter:data1\" content=\"1 minute\" \/>\n<script type=\"application\/ld+json\" class=\"yoast-schema-graph\">{\"@context\":\"https:\\\/\\\/schema.org\",\"@graph\":[{\"@type\":\"WebPage\",\"@id\":\"https:\\\/\\\/www.cfcd.ie\\\/ga\\\/oiliant-seirbhisi\\\/\",\"url\":\"https:\\\/\\\/www.cfcd.ie\\\/ga\\\/oiliant-seirbhisi\\\/\",\"name\":\"Oili\u00e1nt &amp; Seirbh\u00eds\u00ed - CFCD: Comharchumann Forbartha Chorca Dhuibhne\",\"isPartOf\":{\"@id\":\"https:\\\/\\\/www.cfcd.ie\\\/ga\\\/#website\"},\"primaryImageOfPage\":{\"@id\":\"https:\\\/\\\/www.cfcd.ie\\\/ga\\\/oiliant-seirbhisi\\\/#primaryimage\"},\"image\":{\"@id\":\"https:\\\/\\\/www.cfcd.ie\\\/ga\\\/oiliant-seirbhisi\\\/#primaryimage\"},\"thumbnailUrl\":\"https:\\\/\\\/www.cfcd.ie\\\/wp-content\\\/uploads\\\/2024\\\/01\\\/cfcd-banner.jpg\",\"datePublished\":\"2024-01-15T09:23:28+00:00\",\"dateModified\":\"2024-02-26T09:58:11+00:00\",\"breadcrumb\":{\"@id\":\"https:\\\/\\\/www.cfcd.ie\\\/ga\\\/oiliant-seirbhisi\\\/#breadcrumb\"},\"inLanguage\":\"ga-IE\",\"potentialAction\":[{\"@type\":\"ReadAction\",\"target\":[\"https:\\\/\\\/www.cfcd.ie\\\/ga\\\/oiliant-seirbhisi\\\/\"]}]},{\"@type\":\"ImageObject\",\"inLanguage\":\"ga-IE\",\"@id\":\"https:\\\/\\\/www.cfcd.ie\\\/ga\\\/oiliant-seirbhisi\\\/#primaryimage\",\"url\":\"https:\\\/\\\/www.cfcd.ie\\\/wp-content\\\/uploads\\\/2024\\\/01\\\/cfcd-banner.jpg\",\"contentUrl\":\"https:\\\/\\\/www.cfcd.ie\\\/wp-content\\\/uploads\\\/2024\\\/01\\\/cfcd-banner.jpg\",\"width\":1400,\"height\":557},{\"@type\":\"BreadcrumbList\",\"@id\":\"https:\\\/\\\/www.cfcd.ie\\\/ga\\\/oiliant-seirbhisi\\\/#breadcrumb\",\"itemListElement\":[{\"@type\":\"ListItem\",\"position\":1,\"name\":\"Home\",\"item\":\"https:\\\/\\\/www.cfcd.ie\\\/ga\\\/\"},{\"@type\":\"ListItem\",\"position\":2,\"name\":\"Oili\u00e1nt &amp; Seirbh\u00eds\u00ed\"}]},{\"@type\":\"WebSite\",\"@id\":\"https:\\\/\\\/www.cfcd.ie\\\/ga\\\/#website\",\"url\":\"https:\\\/\\\/www.cfcd.ie\\\/ga\\\/\",\"name\":\"CFCD: Comharchumann Forbartha Chorca Dhuibhne\",\"description\":\"Serving the Gaeltacht community on the Corca Dhuibhne Peninsula\",\"publisher\":{\"@id\":\"https:\\\/\\\/www.cfcd.ie\\\/ga\\\/#organization\"},\"potentialAction\":[{\"@type\":\"SearchAction\",\"target\":{\"@type\":\"EntryPoint\",\"urlTemplate\":\"https:\\\/\\\/www.cfcd.ie\\\/ga\\\/?s={search_term_string}\"},\"query-input\":{\"@type\":\"PropertyValueSpecification\",\"valueRequired\":true,\"valueName\":\"search_term_string\"}}],\"inLanguage\":\"ga-IE\"},{\"@type\":\"Organization\",\"@id\":\"https:\\\/\\\/www.cfcd.ie\\\/ga\\\/#organization\",\"name\":\"CFCD: Comharchumann Forbartha Chorca Dhuibhne\",\"url\":\"https:\\\/\\\/www.cfcd.ie\\\/ga\\\/\",\"logo\":{\"@type\":\"ImageObject\",\"inLanguage\":\"ga-IE\",\"@id\":\"https:\\\/\\\/www.cfcd.ie\\\/ga\\\/#\\\/schema\\\/logo\\\/image\\\/\",\"url\":\"https:\\\/\\\/www.cfcd.ie\\\/wp-content\\\/uploads\\\/2024\\\/01\\\/cfcd-logo.png\",\"contentUrl\":\"https:\\\/\\\/www.cfcd.ie\\\/wp-content\\\/uploads\\\/2024\\\/01\\\/cfcd-logo.png\",\"width\":600,\"height\":211,\"caption\":\"CFCD: Comharchumann Forbartha Chorca Dhuibhne\"},\"image\":{\"@id\":\"https:\\\/\\\/www.cfcd.ie\\\/ga\\\/#\\\/schema\\\/logo\\\/image\\\/\"}}]}<\/script>\n<!-- \/ Yoast SEO plugin. -->","yoast_head_json":{"title":"Oili\u00e1nt &amp; Seirbh\u00eds\u00ed - CFCD: Comharchumann Forbartha Chorca Dhuibhne","robots":{"index":"index","follow":"follow","max-snippet":"max-snippet:-1","max-image-preview":"max-image-preview:large","max-video-preview":"max-video-preview:-1"},"canonical":"https:\/\/www.cfcd.ie\/ga\/oiliant-seirbhisi\/","og_locale":"ga_IE","og_type":"article","og_title":"Oili\u00e1nt &amp; Seirbh\u00eds\u00ed - CFCD: Comharchumann Forbartha Chorca Dhuibhne","og_description":"Sc\u00e9imeanna Fosta\u00edochta Pobail T\u00e1 na c\u00farsa\u00ed seo \u00e1 reacht\u00e1il ag Comharchumann Forbartha Chorca Dhuibhne i gcomhar le F.\u00c1.S le dh\u00e1 bhliain d\u00e9ag. I l\u00e1thair na huaire t\u00e1 fiche duine agus saoiste ag obair ar an sc\u00e9im reatha. Obair chothabh\u00e1la ar halla\u00ed agus ar \u00e1iseanna pobail chomh maith le hobair ar na bailte slachtmhara is m\u00f3 ... Read more","og_url":"https:\/\/www.cfcd.ie\/ga\/oiliant-seirbhisi\/","og_site_name":"CFCD: Comharchumann Forbartha Chorca Dhuibhne","article_modified_time":"2024-02-26T09:58:11+00:00","og_image":[{"width":1400,"height":557,"url":"https:\/\/www.cfcd.ie\/wp-content\/uploads\/2024\/01\/cfcd-banner.jpg","type":"image\/jpeg"}],"twitter_card":"summary_large_image","twitter_misc":{"Est. reading time":"1 minute"},"schema":{"@context":"https:\/\/schema.org","@graph":[{"@type":"WebPage","@id":"https:\/\/www.cfcd.ie\/ga\/oiliant-seirbhisi\/","url":"https:\/\/www.cfcd.ie\/ga\/oiliant-seirbhisi\/","name":"Oili\u00e1nt &amp; Seirbh\u00eds\u00ed - CFCD: Comharchumann Forbartha Chorca Dhuibhne","isPartOf":{"@id":"https:\/\/www.cfcd.ie\/ga\/#website"},"primaryImageOfPage":{"@id":"https:\/\/www.cfcd.ie\/ga\/oiliant-seirbhisi\/#primaryimage"},"image":{"@id":"https:\/\/www.cfcd.ie\/ga\/oiliant-seirbhisi\/#primaryimage"},"thumbnailUrl":"https:\/\/www.cfcd.ie\/wp-content\/uploads\/2024\/01\/cfcd-banner.jpg","datePublished":"2024-01-15T09:23:28+00:00","dateModified":"2024-02-26T09:58:11+00:00","breadcrumb":{"@id":"https:\/\/www.cfcd.ie\/ga\/oiliant-seirbhisi\/#breadcrumb"},"inLanguage":"ga-IE","potentialAction":[{"@type":"ReadAction","target":["https:\/\/www.cfcd.ie\/ga\/oiliant-seirbhisi\/"]}]},{"@type":"ImageObject","inLanguage":"ga-IE","@id":"https:\/\/www.cfcd.ie\/ga\/oiliant-seirbhisi\/#primaryimage","url":"https:\/\/www.cfcd.ie\/wp-content\/uploads\/2024\/01\/cfcd-banner.jpg","contentUrl":"https:\/\/www.cfcd.ie\/wp-content\/uploads\/2024\/01\/cfcd-banner.jpg","width":1400,"height":557},{"@type":"BreadcrumbList","@id":"https:\/\/www.cfcd.ie\/ga\/oiliant-seirbhisi\/#breadcrumb","itemListElement":[{"@type":"ListItem","position":1,"name":"Home","item":"https:\/\/www.cfcd.ie\/ga\/"},{"@type":"ListItem","position":2,"name":"Oili\u00e1nt &amp; Seirbh\u00eds\u00ed"}]},{"@type":"WebSite","@id":"https:\/\/www.cfcd.ie\/ga\/#website","url":"https:\/\/www.cfcd.ie\/ga\/","name":"CFCD: Comharchumann Forbartha Chorca Dhuibhne","description":"Serving the Gaeltacht community on the Corca Dhuibhne Peninsula","publisher":{"@id":"https:\/\/www.cfcd.ie\/ga\/#organization"},"potentialAction":[{"@type":"SearchAction","target":{"@type":"EntryPoint","urlTemplate":"https:\/\/www.cfcd.ie\/ga\/?s={search_term_string}"},"query-input":{"@type":"PropertyValueSpecification","valueRequired":true,"valueName":"search_term_string"}}],"inLanguage":"ga-IE"},{"@type":"Organization","@id":"https:\/\/www.cfcd.ie\/ga\/#organization","name":"CFCD: Comharchumann Forbartha Chorca Dhuibhne","url":"https:\/\/www.cfcd.ie\/ga\/","logo":{"@type":"ImageObject","inLanguage":"ga-IE","@id":"https:\/\/www.cfcd.ie\/ga\/#\/schema\/logo\/image\/","url":"https:\/\/www.cfcd.ie\/wp-content\/uploads\/2024\/01\/cfcd-logo.png","contentUrl":"https:\/\/www.cfcd.ie\/wp-content\/uploads\/2024\/01\/cfcd-logo.png","width":600,"height":211,"caption":"CFCD: Comharchumann Forbartha Chorca Dhuibhne"},"image":{"@id":"https:\/\/www.cfcd.ie\/ga\/#\/schema\/logo\/image\/"}}]}},"_links":{"self":[{"href":"https:\/\/www.cfcd.ie\/ga\/wp-json\/wp\/v2\/pages\/36054","targetHints":{"allow":["GET"]}}],"collection":[{"href":"https:\/\/www.cfcd.ie\/ga\/wp-json\/wp\/v2\/pages"}],"about":[{"href":"https:\/\/www.cfcd.ie\/ga\/wp-json\/wp\/v2\/types\/page"}],"author":[{"embeddable":true,"href":"https:\/\/www.cfcd.ie\/ga\/wp-json\/wp\/v2\/users\/2"}],"replies":[{"embeddable":true,"href":"https:\/\/www.cfcd.ie\/ga\/wp-json\/wp\/v2\/comments?post=36054"}],"version-history":[{"count":1,"href":"https:\/\/www.cfcd.ie\/ga\/wp-json\/wp\/v2\/pages\/36054\/revisions"}],"predecessor-version":[{"id":36055,"href":"https:\/\/www.cfcd.ie\/ga\/wp-json\/wp\/v2\/pages\/36054\/revisions\/36055"}],"wp:featuredmedia":[{"embeddable":true,"href":"https:\/\/www.cfcd.ie\/ga\/wp-json\/wp\/v2\/media\/35968"}],"wp:attachment":[{"href":"https:\/\/www.cfcd.ie\/ga\/wp-json\/wp\/v2\/media?parent=36054"}],"curies":[{"name":"wp","href":"https:\/\/api.w.org\/{rel}","templated":true}]}}