{"id":36479,"date":"2024-07-24T10:07:25","date_gmt":"2024-07-24T10:07:25","guid":{"rendered":"https:\/\/www.cfcd.ie\/news\/"},"modified":"2024-12-11T12:16:42","modified_gmt":"2024-12-11T12:16:42","slug":"news","status":"publish","type":"page","link":"https:\/\/www.cfcd.ie\/ga\/news\/","title":{"rendered":"Nuacht \/ Nuacht"},"content":{"rendered":"<div class=\"gb-container gb-container-eb59782b gb-container-outer-light\">\n<div class=\"gb-container gb-container-af05d6ef gb-container-inner\">\n\n<div class=\"gb-grid-wrapper gb-grid-wrapper-b74c1fd8 gb-query-loop-wrapper\">\n<div class=\"gb-grid-column gb-grid-column-3e668f8a gb-query-loop-item post-36547 post type-post status-publish format-standard has-post-thumbnail hentry category-news-ga\"><div class=\"gb-container gb-container-3e668f8a\">\n<figure class=\"gb-block-image gb-block-image-c6313b80\"><a href=\"https:\/\/www.cfcd.ie\/ga\/togra-na-dteaghlach-gaeltachta-tithe-le-ligean-ar-cios-ioncam-saor-o-chain-a-dtairiscint-againn\/\"><img loading=\"lazy\" decoding=\"async\" width=\"510\" height=\"565\" src=\"https:\/\/www.cfcd.ie\/wp-content\/uploads\/2024\/12\/tithe-nua.webp\" class=\"gb-image-c6313b80\" alt=\"Forbairt Tith\u00edochta\" srcset=\"https:\/\/www.cfcd.ie\/wp-content\/uploads\/2024\/12\/tithe-nua.webp 510w, https:\/\/www.cfcd.ie\/wp-content\/uploads\/2024\/12\/tithe-nua-271x300.webp 271w\" sizes=\"auto, (max-width: 510px) 100vw, 510px\" \/><\/a><\/figure>\n\n<h2 class=\"gb-headline gb-headline-1c024dde gb-headline-text\"><a href=\"https:\/\/www.cfcd.ie\/ga\/togra-na-dteaghlach-gaeltachta-tithe-le-ligean-ar-cios-ioncam-saor-o-chain-a-dtairiscint-againn\/\">Togra na dTeaghlach Gaeltachta: Tithe le ligean ar c\u00edos &amp; ioncam saor \u00f3 ch\u00e1in \u00e1 dtairiscint againn &#8211; seol iarratas roimh 10 Aibre\u00e1n 2026<\/a><\/h2>\n\n<p class=\"gb-headline gb-headline-33a9535d gb-headline-text\"><time class=\"entry-date published\" datetime=\"2024-12-11T12:09:02+00:00\">11\/12\/2024<\/time><\/p>\n\n<div class=\"gb-headline gb-headline-35d0460a gb-headline-text\">Togra na dTeaglach GaeltachtaL\u00e9iri\u00fa Sp\u00e9ise \u00e1 lorg ag CFCDTithe le ligean ar c\u00edos &amp; ioncam saor \u00f3 ch\u00e1in \u00e1 dtairiscint againn &#8211; seol iarratas roimh 10 Aibre\u00e1n 2026 T\u00e1 Comharchumann Forbartha Chorca Dhuibhne (CFCD) ag cur liosta le ch\u00e9ile do theaghlaigh le Gaeilge a mbeadh suim acu i dtogra nua ceannr\u00f3dach a bheidh \u00e1 re\u00e1cht\u00e1il &#8230; <a title=\"Togra na dTeaghlach Gaeltachta: Tithe le ligean ar c\u00edos &amp; ioncam saor \u00f3 ch\u00e1in \u00e1 dtairiscint againn &#8211; seol iarratas roimh 10 Aibre\u00e1n 2026\" class=\"read-more\" href=\"https:\/\/www.cfcd.ie\/ga\/togra-na-dteaghlach-gaeltachta-tithe-le-ligean-ar-cios-ioncam-saor-o-chain-a-dtairiscint-againn\/\" aria-label=\"Read more about Togra na dTeaghlach Gaeltachta: Tithe le ligean ar c\u00edos &amp; ioncam saor \u00f3 ch\u00e1in \u00e1 dtairiscint againn &#8211; seol iarratas roimh 10 Aibre\u00e1n 2026\">Read more<\/a><\/div>\n<\/div><\/div>\n\n<div class=\"gb-grid-column gb-grid-column-3e668f8a gb-query-loop-item post-36467 post type-post status-publish format-standard has-post-thumbnail hentry category-news-ga\"><div class=\"gb-container gb-container-3e668f8a\">\n<figure class=\"gb-block-image gb-block-image-c6313b80\"><a href=\"https:\/\/www.cfcd.ie\/ga\/cartlann-nua-ar-line-de-ghrianghaif-aitiula\/\"><img loading=\"lazy\" decoding=\"async\" width=\"848\" height=\"1200\" src=\"https:\/\/www.cfcd.ie\/wp-content\/uploads\/2024\/07\/blaiseadh-de-chorca-dhuibhne.jpg\" class=\"gb-image-c6313b80\" alt=\"\" srcset=\"https:\/\/www.cfcd.ie\/wp-content\/uploads\/2024\/07\/blaiseadh-de-chorca-dhuibhne.jpg 848w, https:\/\/www.cfcd.ie\/wp-content\/uploads\/2024\/07\/blaiseadh-de-chorca-dhuibhne-212x300.jpg 212w, https:\/\/www.cfcd.ie\/wp-content\/uploads\/2024\/07\/blaiseadh-de-chorca-dhuibhne-724x1024.jpg 724w, https:\/\/www.cfcd.ie\/wp-content\/uploads\/2024\/07\/blaiseadh-de-chorca-dhuibhne-768x1087.jpg 768w\" sizes=\"auto, (max-width: 848px) 100vw, 848px\" \/><\/a><\/figure>\n\n<h2 class=\"gb-headline gb-headline-1c024dde gb-headline-text\"><a href=\"https:\/\/www.cfcd.ie\/ga\/cartlann-nua-ar-line-de-ghrianghaif-aitiula\/\">Cartlann nua ar-line de ghrianghaif \u00e1iti\u00fala<\/a><\/h2>\n\n<p class=\"gb-headline gb-headline-33a9535d gb-headline-text\"><time class=\"entry-date published\" datetime=\"2024-07-24T09:52:59+00:00\">24\/07\/2024<\/time><\/p>\n\n<div class=\"gb-headline gb-headline-35d0460a gb-headline-text\">T\u00e1 Comharchumann Forbartha Chorca Dhuibhne ag lorg grianghraif \u00f3n bpobal a t\u00f3gadh sa cheantar le c\u00e9ad bliain anuas.<\/div>\n<\/div><\/div>\n<\/div>\n\n<\/div>\n<\/div>","protected":false},"excerpt":{"rendered":"","protected":false},"author":2,"featured_media":36592,"parent":0,"menu_order":0,"comment_status":"closed","ping_status":"closed","template":"","meta":{"_acf_changed":false,"footnotes":""},"class_list":["post-36479","page","type-page","status-publish","has-post-thumbnail"],"acf":[],"yoast_head":"<!-- This site is optimized with the Yoast SEO plugin v27.4 - https:\/\/yoast.com\/product\/yoast-seo-wordpress\/ -->\n<title>Nuacht \/ Nuacht - CFCD: Comharchumann Forbartha Chorca Dhuibhne<\/title>\n<meta name=\"robots\" content=\"index, follow, max-snippet:-1, max-image-preview:large, max-video-preview:-1\" \/>\n<link rel=\"canonical\" href=\"https:\/\/www.cfcd.ie\/ga\/news\/\" \/>\n<meta property=\"og:locale\" content=\"ga_IE\" \/>\n<meta property=\"og:type\" content=\"article\" \/>\n<meta property=\"og:title\" content=\"Nuacht \/ Nuacht - CFCD: Comharchumann Forbartha Chorca Dhuibhne\" \/>\n<meta property=\"og:url\" content=\"https:\/\/www.cfcd.ie\/ga\/news\/\" \/>\n<meta property=\"og:site_name\" content=\"CFCD: Comharchumann Forbartha Chorca Dhuibhne\" \/>\n<meta property=\"article:modified_time\" content=\"2024-12-11T12:16:42+00:00\" \/>\n<meta property=\"og:image\" content=\"https:\/\/www.cfcd.ie\/wp-content\/uploads\/2024\/09\/Glor-na-nGael-2024-6.png\" \/>\n\t<meta property=\"og:image:width\" content=\"1080\" \/>\n\t<meta property=\"og:image:height\" content=\"1080\" \/>\n\t<meta property=\"og:image:type\" content=\"image\/png\" \/>\n<meta name=\"twitter:card\" content=\"summary_large_image\" \/>\n<meta name=\"twitter:label1\" content=\"Est. reading time\" \/>\n\t<meta name=\"twitter:data1\" content=\"1 minute\" \/>\n<script type=\"application\/ld+json\" class=\"yoast-schema-graph\">{\"@context\":\"https:\\\/\\\/schema.org\",\"@graph\":[{\"@type\":\"WebPage\",\"@id\":\"https:\\\/\\\/www.cfcd.ie\\\/ga\\\/news\\\/\",\"url\":\"https:\\\/\\\/www.cfcd.ie\\\/ga\\\/news\\\/\",\"name\":\"Nuacht \\\/ Nuacht - CFCD: Comharchumann Forbartha Chorca Dhuibhne\",\"isPartOf\":{\"@id\":\"https:\\\/\\\/www.cfcd.ie\\\/ga\\\/#website\"},\"primaryImageOfPage\":{\"@id\":\"https:\\\/\\\/www.cfcd.ie\\\/ga\\\/news\\\/#primaryimage\"},\"image\":{\"@id\":\"https:\\\/\\\/www.cfcd.ie\\\/ga\\\/news\\\/#primaryimage\"},\"thumbnailUrl\":\"https:\\\/\\\/www.cfcd.ie\\\/wp-content\\\/uploads\\\/2024\\\/12\\\/Scene-2-1.png\",\"datePublished\":\"2024-07-24T10:07:25+00:00\",\"dateModified\":\"2024-12-11T12:16:42+00:00\",\"breadcrumb\":{\"@id\":\"https:\\\/\\\/www.cfcd.ie\\\/ga\\\/news\\\/#breadcrumb\"},\"inLanguage\":\"ga-IE\",\"potentialAction\":[{\"@type\":\"ReadAction\",\"target\":[\"https:\\\/\\\/www.cfcd.ie\\\/ga\\\/news\\\/\"]}]},{\"@type\":\"ImageObject\",\"inLanguage\":\"ga-IE\",\"@id\":\"https:\\\/\\\/www.cfcd.ie\\\/ga\\\/news\\\/#primaryimage\",\"url\":\"https:\\\/\\\/www.cfcd.ie\\\/wp-content\\\/uploads\\\/2024\\\/12\\\/Scene-2-1.png\",\"contentUrl\":\"https:\\\/\\\/www.cfcd.ie\\\/wp-content\\\/uploads\\\/2024\\\/12\\\/Scene-2-1.png\",\"width\":2560,\"height\":1440},{\"@type\":\"BreadcrumbList\",\"@id\":\"https:\\\/\\\/www.cfcd.ie\\\/ga\\\/news\\\/#breadcrumb\",\"itemListElement\":[{\"@type\":\"ListItem\",\"position\":1,\"name\":\"Home\",\"item\":\"https:\\\/\\\/www.cfcd.ie\\\/ga\\\/\"},{\"@type\":\"ListItem\",\"position\":2,\"name\":\"Nuacht \\\/ Nuacht\"}]},{\"@type\":\"WebSite\",\"@id\":\"https:\\\/\\\/www.cfcd.ie\\\/ga\\\/#website\",\"url\":\"https:\\\/\\\/www.cfcd.ie\\\/ga\\\/\",\"name\":\"CFCD: Comharchumann Forbartha Chorca Dhuibhne\",\"description\":\"Serving the Gaeltacht community on the Corca Dhuibhne Peninsula\",\"publisher\":{\"@id\":\"https:\\\/\\\/www.cfcd.ie\\\/ga\\\/#organization\"},\"potentialAction\":[{\"@type\":\"SearchAction\",\"target\":{\"@type\":\"EntryPoint\",\"urlTemplate\":\"https:\\\/\\\/www.cfcd.ie\\\/ga\\\/?s={search_term_string}\"},\"query-input\":{\"@type\":\"PropertyValueSpecification\",\"valueRequired\":true,\"valueName\":\"search_term_string\"}}],\"inLanguage\":\"ga-IE\"},{\"@type\":\"Organization\",\"@id\":\"https:\\\/\\\/www.cfcd.ie\\\/ga\\\/#organization\",\"name\":\"CFCD: Comharchumann Forbartha Chorca Dhuibhne\",\"url\":\"https:\\\/\\\/www.cfcd.ie\\\/ga\\\/\",\"logo\":{\"@type\":\"ImageObject\",\"inLanguage\":\"ga-IE\",\"@id\":\"https:\\\/\\\/www.cfcd.ie\\\/ga\\\/#\\\/schema\\\/logo\\\/image\\\/\",\"url\":\"https:\\\/\\\/www.cfcd.ie\\\/wp-content\\\/uploads\\\/2024\\\/01\\\/cfcd-logo.png\",\"contentUrl\":\"https:\\\/\\\/www.cfcd.ie\\\/wp-content\\\/uploads\\\/2024\\\/01\\\/cfcd-logo.png\",\"width\":600,\"height\":211,\"caption\":\"CFCD: Comharchumann Forbartha Chorca Dhuibhne\"},\"image\":{\"@id\":\"https:\\\/\\\/www.cfcd.ie\\\/ga\\\/#\\\/schema\\\/logo\\\/image\\\/\"}}]}<\/script>\n<!-- \/ Yoast SEO plugin. -->","yoast_head_json":{"title":"Nuacht \/ Nuacht - CFCD: Comharchumann Forbartha Chorca Dhuibhne","robots":{"index":"index","follow":"follow","max-snippet":"max-snippet:-1","max-image-preview":"max-image-preview:large","max-video-preview":"max-video-preview:-1"},"canonical":"https:\/\/www.cfcd.ie\/ga\/news\/","og_locale":"ga_IE","og_type":"article","og_title":"Nuacht \/ Nuacht - CFCD: Comharchumann Forbartha Chorca Dhuibhne","og_url":"https:\/\/www.cfcd.ie\/ga\/news\/","og_site_name":"CFCD: Comharchumann Forbartha Chorca Dhuibhne","article_modified_time":"2024-12-11T12:16:42+00:00","og_image":[{"width":1080,"height":1080,"url":"https:\/\/www.cfcd.ie\/wp-content\/uploads\/2024\/09\/Glor-na-nGael-2024-6.png","type":"image\/png"}],"twitter_card":"summary_large_image","twitter_misc":{"Est. reading time":"1 minute"},"schema":{"@context":"https:\/\/schema.org","@graph":[{"@type":"WebPage","@id":"https:\/\/www.cfcd.ie\/ga\/news\/","url":"https:\/\/www.cfcd.ie\/ga\/news\/","name":"Nuacht \/ Nuacht - CFCD: Comharchumann Forbartha Chorca Dhuibhne","isPartOf":{"@id":"https:\/\/www.cfcd.ie\/ga\/#website"},"primaryImageOfPage":{"@id":"https:\/\/www.cfcd.ie\/ga\/news\/#primaryimage"},"image":{"@id":"https:\/\/www.cfcd.ie\/ga\/news\/#primaryimage"},"thumbnailUrl":"https:\/\/www.cfcd.ie\/wp-content\/uploads\/2024\/12\/Scene-2-1.png","datePublished":"2024-07-24T10:07:25+00:00","dateModified":"2024-12-11T12:16:42+00:00","breadcrumb":{"@id":"https:\/\/www.cfcd.ie\/ga\/news\/#breadcrumb"},"inLanguage":"ga-IE","potentialAction":[{"@type":"ReadAction","target":["https:\/\/www.cfcd.ie\/ga\/news\/"]}]},{"@type":"ImageObject","inLanguage":"ga-IE","@id":"https:\/\/www.cfcd.ie\/ga\/news\/#primaryimage","url":"https:\/\/www.cfcd.ie\/wp-content\/uploads\/2024\/12\/Scene-2-1.png","contentUrl":"https:\/\/www.cfcd.ie\/wp-content\/uploads\/2024\/12\/Scene-2-1.png","width":2560,"height":1440},{"@type":"BreadcrumbList","@id":"https:\/\/www.cfcd.ie\/ga\/news\/#breadcrumb","itemListElement":[{"@type":"ListItem","position":1,"name":"Home","item":"https:\/\/www.cfcd.ie\/ga\/"},{"@type":"ListItem","position":2,"name":"Nuacht \/ Nuacht"}]},{"@type":"WebSite","@id":"https:\/\/www.cfcd.ie\/ga\/#website","url":"https:\/\/www.cfcd.ie\/ga\/","name":"CFCD: Comharchumann Forbartha Chorca Dhuibhne","description":"Serving the Gaeltacht community on the Corca Dhuibhne Peninsula","publisher":{"@id":"https:\/\/www.cfcd.ie\/ga\/#organization"},"potentialAction":[{"@type":"SearchAction","target":{"@type":"EntryPoint","urlTemplate":"https:\/\/www.cfcd.ie\/ga\/?s={search_term_string}"},"query-input":{"@type":"PropertyValueSpecification","valueRequired":true,"valueName":"search_term_string"}}],"inLanguage":"ga-IE"},{"@type":"Organization","@id":"https:\/\/www.cfcd.ie\/ga\/#organization","name":"CFCD: Comharchumann Forbartha Chorca Dhuibhne","url":"https:\/\/www.cfcd.ie\/ga\/","logo":{"@type":"ImageObject","inLanguage":"ga-IE","@id":"https:\/\/www.cfcd.ie\/ga\/#\/schema\/logo\/image\/","url":"https:\/\/www.cfcd.ie\/wp-content\/uploads\/2024\/01\/cfcd-logo.png","contentUrl":"https:\/\/www.cfcd.ie\/wp-content\/uploads\/2024\/01\/cfcd-logo.png","width":600,"height":211,"caption":"CFCD: Comharchumann Forbartha Chorca Dhuibhne"},"image":{"@id":"https:\/\/www.cfcd.ie\/ga\/#\/schema\/logo\/image\/"}}]}},"_links":{"self":[{"href":"https:\/\/www.cfcd.ie\/ga\/wp-json\/wp\/v2\/pages\/36479","targetHints":{"allow":["GET"]}}],"collection":[{"href":"https:\/\/www.cfcd.ie\/ga\/wp-json\/wp\/v2\/pages"}],"about":[{"href":"https:\/\/www.cfcd.ie\/ga\/wp-json\/wp\/v2\/types\/page"}],"author":[{"embeddable":true,"href":"https:\/\/www.cfcd.ie\/ga\/wp-json\/wp\/v2\/users\/2"}],"replies":[{"embeddable":true,"href":"https:\/\/www.cfcd.ie\/ga\/wp-json\/wp\/v2\/comments?post=36479"}],"version-history":[{"count":5,"href":"https:\/\/www.cfcd.ie\/ga\/wp-json\/wp\/v2\/pages\/36479\/revisions"}],"predecessor-version":[{"id":36556,"href":"https:\/\/www.cfcd.ie\/ga\/wp-json\/wp\/v2\/pages\/36479\/revisions\/36556"}],"wp:featuredmedia":[{"embeddable":true,"href":"https:\/\/www.cfcd.ie\/ga\/wp-json\/wp\/v2\/media\/36592"}],"wp:attachment":[{"href":"https:\/\/www.cfcd.ie\/ga\/wp-json\/wp\/v2\/media?parent=36479"}],"curies":[{"name":"wp","href":"https:\/\/api.w.org\/{rel}","templated":true}]}}